{"id":395,"date":"2025-06-01T21:36:30","date_gmt":"2025-06-01T21:36:30","guid":{"rendered":"https:\/\/sffcases.com\/product\/magnetische-frontplatte\/"},"modified":"2025-10-05T19:05:37","modified_gmt":"2025-10-05T19:05:37","slug":"magnetische-frontplatte","status":"publish","type":"product","link":"https:\/\/sffcases.com\/de\/product\/magnetische-frontplatte\/","title":{"rendered":"Magnetische Frontplatte"},"content":{"rendered":"<p><strong data-start=\"123\" data-end=\"160\">Magnetische Frontblende f\u00fcr SFF-Geh\u00e4use<\/strong><\/p>\n<p>Passen Sie Ihre H\u00fclle auf Ihre Weise an.<\/p>\n<p>Die magnetische Frontplatte l\u00e4sst sich sicher befestigen und in Sekundenschnelle austauschen \u2013 ganz ohne Werkzeug. Egal, ob Sie maximale Luftzirkulation, einen leisen Betrieb oder ein mutiges neues Design anstreben \u2013 unser austauschbares Konzept erm\u00f6glicht es Ihnen, Ihr System individuell an Stil und Bed\u00fcrfnisse anzupassen. <\/p>\n<p>\ud83d\udd27 Werkzeuglose Montage<\/p>\n<p>\ud83e\uddf2 Starke magnetische Befestigung<\/p>\n<p>\ud83c\udfa8 Mehrere Stile verf\u00fcgbar<\/p>\n<p>\u267b\ufe0f Paneele jederzeit und m\u00fchelos austauschen<\/p>\n<p>Machen Sie Ihren Build wirklich zu Ihrem eigenen.<\/p>\n","protected":false},"excerpt":{"rendered":"<p>Magnetische Frontblende f\u00fcr SFF-Geh\u00e4use Passen Sie Ihre H\u00fclle auf Ihre Weise an. Die magnetische Frontplatte l\u00e4sst sich sicher befestigen und in Sekundenschnelle austauschen \u2013 ganz ohne Werkzeug. Egal, ob Sie maximale Luftzirkulation, einen leisen Betrieb oder ein mutiges neues Design anstreben \u2013 unser austauschbares Konzept erm\u00f6glicht es Ihnen, Ihr System individuell an Stil und Bed\u00fcrfnisse [&hellip;]<\/p>\n","protected":false},"featured_media":376,"comment_status":"open","ping_status":"closed","template":"","meta":[],"product_brand":[],"product_cat":[58],"product_tag":[],"class_list":{"0":"post-395","1":"product","2":"type-product","3":"status-publish","4":"has-post-thumbnail","6":"product_cat-gehauseteile","8":"first","9":"instock","10":"shipping-taxable","11":"purchasable","12":"product-type-variable"},"_links":{"self":[{"href":"https:\/\/sffcases.com\/de\/wp-json\/wp\/v2\/product\/395","targetHints":{"allow":["GET"]}}],"collection":[{"href":"https:\/\/sffcases.com\/de\/wp-json\/wp\/v2\/product"}],"about":[{"href":"https:\/\/sffcases.com\/de\/wp-json\/wp\/v2\/types\/product"}],"replies":[{"embeddable":true,"href":"https:\/\/sffcases.com\/de\/wp-json\/wp\/v2\/comments?post=395"}],"wp:featuredmedia":[{"embeddable":true,"href":"https:\/\/sffcases.com\/de\/wp-json\/wp\/v2\/media\/376"}],"wp:attachment":[{"href":"https:\/\/sffcases.com\/de\/wp-json\/wp\/v2\/media?parent=395"}],"wp:term":[{"taxonomy":"product_brand","embeddable":true,"href":"https:\/\/sffcases.com\/de\/wp-json\/wp\/v2\/product_brand?post=395"},{"taxonomy":"product_cat","embeddable":true,"href":"https:\/\/sffcases.com\/de\/wp-json\/wp\/v2\/product_cat?post=395"},{"taxonomy":"product_tag","embeddable":true,"href":"https:\/\/sffcases.com\/de\/wp-json\/wp\/v2\/product_tag?post=395"}],"curies":[{"name":"wp","href":"https:\/\/api.w.org\/{rel}","templated":true}]}}