{"id":421,"date":"2025-05-24T14:22:41","date_gmt":"2025-05-24T14:22:41","guid":{"rendered":"https:\/\/sffcases.com\/product\/sff-kern\/"},"modified":"2025-10-05T19:00:09","modified_gmt":"2025-10-05T19:00:09","slug":"sff-kern","status":"publish","type":"product","link":"https:\/\/sffcases.com\/de\/product\/sff-kern\/","title":{"rendered":"SFF-Kern"},"content":{"rendered":"<p><strong data-start=\"123\" data-end=\"160\">SFF Core \u2013 Ultrakompaktes ITX-Geh\u00e4use<\/strong><\/p>\n<p><br data-start=\"160\" data-end=\"163\">Der<strong data-start=\"476\" data-end=\"498\"> SFF Core <\/strong>wurde f\u00fcr Builder entwickelt, die die Grenzen der Gr\u00f6\u00dfe ausreizen m\u00f6chten, ohne Kompromisse bei der Leistung einzugehen. Mit einem minimalistischen Aluminiumrahmen, magnetisch austauschbaren Frontplatten (einschlie\u00dflich Holzoptionen) und Unterst\u00fctzung f\u00fcr Dual- und Triple-Slot-GPUs bietet er beeindruckende Leistung auf kleinstem Raum. Optimiert f\u00fcr SFX-Netzteile und unter Verwendung eines<strong data-start=\"515\" data-end=\"528\"> GPU-Risers<\/strong> ist er die perfekte Grundlage f\u00fcr hochwertige, kompakte Builds.  <\/p>\n<p>Unser PC-Geh\u00e4use ist vollst\u00e4ndig anpassbar. W\u00e4hlen Sie Ihre bevorzugte L\u00e4nge, entweder 350 mm oder 410 mm, und w\u00e4hlen Sie das GPU-Geh\u00e4use, das am besten zu Ihrem Setup passt \u2013 erh\u00e4ltlich in 2-Slot- oder 3-Slot-Konfigurationen.<\/p>\n","protected":false},"excerpt":{"rendered":"<p>SFF Core \u2013 Ultrakompaktes ITX-Geh\u00e4use Der SFF Core wurde f\u00fcr Builder entwickelt, die die Grenzen der Gr\u00f6\u00dfe ausreizen m\u00f6chten, ohne Kompromisse bei der Leistung einzugehen. Mit einem minimalistischen Aluminiumrahmen, magnetisch austauschbaren Frontplatten (einschlie\u00dflich Holzoptionen) und Unterst\u00fctzung f\u00fcr Dual- und Triple-Slot-GPUs bietet er beeindruckende Leistung auf kleinstem Raum. Optimiert f\u00fcr SFX-Netzteile und unter Verwendung eines GPU-Risers [&hellip;]<\/p>\n","protected":false},"featured_media":850,"comment_status":"open","ping_status":"closed","template":"","meta":[],"product_brand":[],"product_cat":[46],"product_tag":[],"class_list":{"0":"post-421","1":"product","2":"type-product","3":"status-publish","4":"has-post-thumbnail","6":"product_cat-nicht-kategorisiert","8":"first","9":"instock","10":"shipping-taxable","11":"purchasable","12":"product-type-variable"},"_links":{"self":[{"href":"https:\/\/sffcases.com\/de\/wp-json\/wp\/v2\/product\/421","targetHints":{"allow":["GET"]}}],"collection":[{"href":"https:\/\/sffcases.com\/de\/wp-json\/wp\/v2\/product"}],"about":[{"href":"https:\/\/sffcases.com\/de\/wp-json\/wp\/v2\/types\/product"}],"replies":[{"embeddable":true,"href":"https:\/\/sffcases.com\/de\/wp-json\/wp\/v2\/comments?post=421"}],"wp:featuredmedia":[{"embeddable":true,"href":"https:\/\/sffcases.com\/de\/wp-json\/wp\/v2\/media\/850"}],"wp:attachment":[{"href":"https:\/\/sffcases.com\/de\/wp-json\/wp\/v2\/media?parent=421"}],"wp:term":[{"taxonomy":"product_brand","embeddable":true,"href":"https:\/\/sffcases.com\/de\/wp-json\/wp\/v2\/product_brand?post=421"},{"taxonomy":"product_cat","embeddable":true,"href":"https:\/\/sffcases.com\/de\/wp-json\/wp\/v2\/product_cat?post=421"},{"taxonomy":"product_tag","embeddable":true,"href":"https:\/\/sffcases.com\/de\/wp-json\/wp\/v2\/product_tag?post=421"}],"curies":[{"name":"wp","href":"https:\/\/api.w.org\/{rel}","templated":true}]}}