{"id":394,"date":"2025-06-01T21:36:30","date_gmt":"2025-06-01T21:36:30","guid":{"rendered":"https:\/\/sffcases.com\/product\/panel-frontal-magnetico\/"},"modified":"2025-10-05T19:06:17","modified_gmt":"2025-10-05T19:06:17","slug":"panel-frontal-magnetico","status":"publish","type":"product","link":"https:\/\/sffcases.com\/es\/product\/panel-frontal-magnetico\/","title":{"rendered":"Panel frontal magn\u00e9tico"},"content":{"rendered":"<p><strong data-start=\"123\" data-end=\"160\">Panel frontal magn\u00e9tico para cajas SFF<\/strong><\/p>\n<p>Personaliza tu funda, a tu manera.<\/p>\n<p>El panel frontal magn\u00e9tico se fija de forma segura y se puede cambiar en segundos, sin necesidad de herramientas. Ya sea que busques el m\u00e1ximo flujo de aire, un funcionamiento silencioso o un nuevo aspecto atrevido, nuestro dise\u00f1o intercambiable te permite personalizar tu equipo seg\u00fan tu estilo y tus necesidades. <\/p>\n<p>\ud83d\udd27 Instalaci\u00f3n sin herramientas<\/p>\n<p>\ud83e\uddf2 Fuerte fijaci\u00f3n magn\u00e9tica<\/p>\n<p>\ud83c\udfa8 M\u00faltiples estilos disponibles<\/p>\n<p>\u267b\ufe0f Intercambie paneles en cualquier momento, sin esfuerzo<\/p>\n<p>Haz que tu construcci\u00f3n sea realmente tuya.<\/p>\n","protected":false},"excerpt":{"rendered":"<p>Panel frontal magn\u00e9tico para cajas SFF Personaliza tu funda, a tu manera. El panel frontal magn\u00e9tico se fija de forma segura y se puede cambiar en segundos, sin necesidad de herramientas. Ya sea que busques el m\u00e1ximo flujo de aire, un funcionamiento silencioso o un nuevo aspecto atrevido, nuestro dise\u00f1o intercambiable te permite personalizar tu [&hellip;]<\/p>\n","protected":false},"featured_media":377,"comment_status":"open","ping_status":"closed","template":"","meta":[],"product_brand":[],"product_cat":[59],"product_tag":[],"class_list":{"0":"post-394","1":"product","2":"type-product","3":"status-publish","4":"has-post-thumbnail","6":"product_cat-partes-de-la-caja","8":"first","9":"instock","10":"shipping-taxable","11":"purchasable","12":"product-type-variable"},"_links":{"self":[{"href":"https:\/\/sffcases.com\/es\/wp-json\/wp\/v2\/product\/394","targetHints":{"allow":["GET"]}}],"collection":[{"href":"https:\/\/sffcases.com\/es\/wp-json\/wp\/v2\/product"}],"about":[{"href":"https:\/\/sffcases.com\/es\/wp-json\/wp\/v2\/types\/product"}],"replies":[{"embeddable":true,"href":"https:\/\/sffcases.com\/es\/wp-json\/wp\/v2\/comments?post=394"}],"wp:featuredmedia":[{"embeddable":true,"href":"https:\/\/sffcases.com\/es\/wp-json\/wp\/v2\/media\/377"}],"wp:attachment":[{"href":"https:\/\/sffcases.com\/es\/wp-json\/wp\/v2\/media?parent=394"}],"wp:term":[{"taxonomy":"product_brand","embeddable":true,"href":"https:\/\/sffcases.com\/es\/wp-json\/wp\/v2\/product_brand?post=394"},{"taxonomy":"product_cat","embeddable":true,"href":"https:\/\/sffcases.com\/es\/wp-json\/wp\/v2\/product_cat?post=394"},{"taxonomy":"product_tag","embeddable":true,"href":"https:\/\/sffcases.com\/es\/wp-json\/wp\/v2\/product_tag?post=394"}],"curies":[{"name":"wp","href":"https:\/\/api.w.org\/{rel}","templated":true}]}}