{"id":422,"date":"2025-06-01T18:25:01","date_gmt":"2025-06-01T18:25:01","guid":{"rendered":"https:\/\/sffcases.com\/product\/borde-sff\/"},"modified":"2025-10-05T19:04:18","modified_gmt":"2025-10-05T19:04:18","slug":"borde-sff","status":"publish","type":"product","link":"https:\/\/sffcases.com\/es\/product\/borde-sff\/","title":{"rendered":"Borde SFF"},"content":{"rendered":"<p><strong data-start=\"123\" data-end=\"160\">SFF Edge \u2013 Caja compacta ITX<\/strong><\/p>\n<p><br data-start=\"160\" data-end=\"163\">La <strong data-start=\"476\" data-end=\"498\">SFF Edge<\/strong> est\u00e1 dise\u00f1ada para quienes quieren llevar los l\u00edmites del tama\u00f1o al m\u00e1ximo sin comprometer el rendimiento. Con un marco minimalista de aluminio, paneles frontales magn\u00e9ticos intercambiables (incluidas opciones de madera) y compatibilidad con GPUs de doble y triple ranura, ofrece una potencia impresionante en un formato ultra compacto. Optimizado para fuentes de alimentaci\u00f3n SFX y ATX, es la base perfecta para equipos compactos de alta gama.  <\/p>\n<p>Nuestra caja de PC es completamente personalizable. Elige la longitud que prefieras, ya sea de 355 mm o 415 mm, y selecciona la carcasa para GPU que mejor se adapte a tu configuraci\u00f3n, disponible en versiones de 2 o 3 ranuras.<\/p>\n","protected":false},"excerpt":{"rendered":"<p>SFF Edge \u2013 Caja compacta ITX La SFF Edge est\u00e1 dise\u00f1ada para quienes quieren llevar los l\u00edmites del tama\u00f1o al m\u00e1ximo sin comprometer el rendimiento. Con un marco minimalista de aluminio, paneles frontales magn\u00e9ticos intercambiables (incluidas opciones de madera) y compatibilidad con GPUs de doble y triple ranura, ofrece una potencia impresionante en un formato [&hellip;]<\/p>\n","protected":false},"featured_media":897,"comment_status":"open","ping_status":"closed","template":"","meta":[],"product_brand":[],"product_cat":[47],"product_tag":[],"class_list":{"0":"post-422","1":"product","2":"type-product","3":"status-publish","4":"has-post-thumbnail","6":"product_cat-sin-categoria","8":"first","9":"instock","10":"shipping-taxable","11":"purchasable","12":"product-type-variable"},"_links":{"self":[{"href":"https:\/\/sffcases.com\/es\/wp-json\/wp\/v2\/product\/422","targetHints":{"allow":["GET"]}}],"collection":[{"href":"https:\/\/sffcases.com\/es\/wp-json\/wp\/v2\/product"}],"about":[{"href":"https:\/\/sffcases.com\/es\/wp-json\/wp\/v2\/types\/product"}],"replies":[{"embeddable":true,"href":"https:\/\/sffcases.com\/es\/wp-json\/wp\/v2\/comments?post=422"}],"wp:featuredmedia":[{"embeddable":true,"href":"https:\/\/sffcases.com\/es\/wp-json\/wp\/v2\/media\/897"}],"wp:attachment":[{"href":"https:\/\/sffcases.com\/es\/wp-json\/wp\/v2\/media?parent=422"}],"wp:term":[{"taxonomy":"product_brand","embeddable":true,"href":"https:\/\/sffcases.com\/es\/wp-json\/wp\/v2\/product_brand?post=422"},{"taxonomy":"product_cat","embeddable":true,"href":"https:\/\/sffcases.com\/es\/wp-json\/wp\/v2\/product_cat?post=422"},{"taxonomy":"product_tag","embeddable":true,"href":"https:\/\/sffcases.com\/es\/wp-json\/wp\/v2\/product_tag?post=422"}],"curies":[{"name":"wp","href":"https:\/\/api.w.org\/{rel}","templated":true}]}}