{"id":448,"date":"2025-05-24T14:22:41","date_gmt":"2025-05-24T14:22:41","guid":{"rendered":"https:\/\/sffcases.com\/product\/nucleo-sff\/"},"modified":"2025-10-05T19:01:23","modified_gmt":"2025-10-05T19:01:23","slug":"nucleo-sff","status":"publish","type":"product","link":"https:\/\/sffcases.com\/es\/product\/nucleo-sff\/","title":{"rendered":"N\u00facleo SFF"},"content":{"rendered":"<p><strong data-start=\"123\" data-end=\"160\">SFF Core \u2013 Caja ITX ultracompacta<\/strong><\/p>\n<p><br data-start=\"160\" data-end=\"163\">La <strong data-start=\"476\" data-end=\"498\">SFF Core<\/strong> est\u00e1 dise\u00f1ada para quienes quieren llevar los l\u00edmites del tama\u00f1o al m\u00e1ximo sin comprometer el rendimiento. Con un marco minimalista de aluminio, paneles frontales intercambiables magn\u00e9ticos (incluyendo opciones de madera) y compatibilidad con GPUs de doble y triple ranura, ofrece una potencia impresionante en un formato ultra compacto. Optimizado para fuentes de alimentaci\u00f3n SFX y requiriendo un <strong data-start=\"515\" data-end=\"528\">riser<\/strong> para GPU, es la base perfecta para equipos compactos de alta gama.  <\/p>\n<p>Nuestra caja de PC es totalmente personalizable. Elige la longitud que prefieras, ya sea de 350 mm o 410 mm, y selecciona la carcasa para GPU que mejor se adapte a tu configuraci\u00f3n, disponible en versiones de 2 o 3 ranuras.<\/p>\n","protected":false},"excerpt":{"rendered":"<p>SFF Core \u2013 Caja ITX ultracompacta La SFF Core est\u00e1 dise\u00f1ada para quienes quieren llevar los l\u00edmites del tama\u00f1o al m\u00e1ximo sin comprometer el rendimiento. Con un marco minimalista de aluminio, paneles frontales intercambiables magn\u00e9ticos (incluyendo opciones de madera) y compatibilidad con GPUs de doble y triple ranura, ofrece una potencia impresionante en un formato [&hellip;]<\/p>\n","protected":false},"featured_media":851,"comment_status":"open","ping_status":"closed","template":"","meta":[],"product_brand":[],"product_cat":[47],"product_tag":[],"class_list":{"0":"post-448","1":"product","2":"type-product","3":"status-publish","4":"has-post-thumbnail","6":"product_cat-sin-categoria","8":"first","9":"instock","10":"shipping-taxable","11":"purchasable","12":"product-type-variable"},"_links":{"self":[{"href":"https:\/\/sffcases.com\/es\/wp-json\/wp\/v2\/product\/448","targetHints":{"allow":["GET"]}}],"collection":[{"href":"https:\/\/sffcases.com\/es\/wp-json\/wp\/v2\/product"}],"about":[{"href":"https:\/\/sffcases.com\/es\/wp-json\/wp\/v2\/types\/product"}],"replies":[{"embeddable":true,"href":"https:\/\/sffcases.com\/es\/wp-json\/wp\/v2\/comments?post=448"}],"wp:featuredmedia":[{"embeddable":true,"href":"https:\/\/sffcases.com\/es\/wp-json\/wp\/v2\/media\/851"}],"wp:attachment":[{"href":"https:\/\/sffcases.com\/es\/wp-json\/wp\/v2\/media?parent=448"}],"wp:term":[{"taxonomy":"product_brand","embeddable":true,"href":"https:\/\/sffcases.com\/es\/wp-json\/wp\/v2\/product_brand?post=448"},{"taxonomy":"product_cat","embeddable":true,"href":"https:\/\/sffcases.com\/es\/wp-json\/wp\/v2\/product_cat?post=448"},{"taxonomy":"product_tag","embeddable":true,"href":"https:\/\/sffcases.com\/es\/wp-json\/wp\/v2\/product_tag?post=448"}],"curies":[{"name":"wp","href":"https:\/\/api.w.org\/{rel}","templated":true}]}}