{"id":396,"date":"2025-06-01T18:25:01","date_gmt":"2025-06-01T18:25:01","guid":{"rendered":"https:\/\/sffcases.com\/product\/bord-sff\/"},"modified":"2025-10-05T19:03:03","modified_gmt":"2025-10-05T19:03:03","slug":"bord-sff","status":"publish","type":"product","link":"https:\/\/sffcases.com\/fr\/product\/bord-sff\/","title":{"rendered":"Bord SFF"},"content":{"rendered":"<p><strong data-start=\"123\" data-end=\"160\">SFF Edge &#8211; Bo\u00eetier ITX compact<\/strong><\/p>\n<p><br data-start=\"160\" data-end=\"163\">Le <strong data-start=\"476\" data-end=\"498\">SFF Edge <\/strong>est con\u00e7u pour les assembleurs qui souhaitent repousser les limites de la taille sans compromettre les performances. Avec un cadre en aluminium minimaliste, des panneaux avant magn\u00e9tiques interchangeables (y compris des options en bois) et une compatibilit\u00e9 avec les GPU \u00e0 double ou triple emplacement, il offre une puissance impressionnante dans un format ultra-compact. Optimis\u00e9 pour les alimentations SFX et ATX, c\u2019est la base id\u00e9ale pour les configurations compactes haut de gamme.  <\/p>\n<p>Notre bo\u00eetier PC est enti\u00e8rement personnalisable. Choisissez la longueur que vous pr\u00e9f\u00e9rez, soit 355 mm soit 415 mm, et s\u00e9lectionnez le bo\u00eetier GPU qui convient le mieux \u00e0 votre configuration, disponible en versions \u00e0 2 ou 3 emplacements.<\/p>\n","protected":false},"excerpt":{"rendered":"<p>SFF Edge &#8211; Bo\u00eetier ITX compact Le SFF Edge est con\u00e7u pour les assembleurs qui souhaitent repousser les limites de la taille sans compromettre les performances. Avec un cadre en aluminium minimaliste, des panneaux avant magn\u00e9tiques interchangeables (y compris des options en bois) et une compatibilit\u00e9 avec les GPU \u00e0 double ou triple emplacement, il [&hellip;]<\/p>\n","protected":false},"featured_media":895,"comment_status":"open","ping_status":"closed","template":"","meta":[],"product_brand":[],"product_cat":[45],"product_tag":[],"class_list":{"0":"post-396","1":"product","2":"type-product","3":"status-publish","4":"has-post-thumbnail","6":"product_cat-non-categorise","8":"first","9":"instock","10":"shipping-taxable","11":"purchasable","12":"product-type-variable"},"_links":{"self":[{"href":"https:\/\/sffcases.com\/fr\/wp-json\/wp\/v2\/product\/396","targetHints":{"allow":["GET"]}}],"collection":[{"href":"https:\/\/sffcases.com\/fr\/wp-json\/wp\/v2\/product"}],"about":[{"href":"https:\/\/sffcases.com\/fr\/wp-json\/wp\/v2\/types\/product"}],"replies":[{"embeddable":true,"href":"https:\/\/sffcases.com\/fr\/wp-json\/wp\/v2\/comments?post=396"}],"wp:featuredmedia":[{"embeddable":true,"href":"https:\/\/sffcases.com\/fr\/wp-json\/wp\/v2\/media\/895"}],"wp:attachment":[{"href":"https:\/\/sffcases.com\/fr\/wp-json\/wp\/v2\/media?parent=396"}],"wp:term":[{"taxonomy":"product_brand","embeddable":true,"href":"https:\/\/sffcases.com\/fr\/wp-json\/wp\/v2\/product_brand?post=396"},{"taxonomy":"product_cat","embeddable":true,"href":"https:\/\/sffcases.com\/fr\/wp-json\/wp\/v2\/product_cat?post=396"},{"taxonomy":"product_tag","embeddable":true,"href":"https:\/\/sffcases.com\/fr\/wp-json\/wp\/v2\/product_tag?post=396"}],"curies":[{"name":"wp","href":"https:\/\/api.w.org\/{rel}","templated":true}]}}