{"id":397,"date":"2025-06-01T21:36:30","date_gmt":"2025-06-01T21:36:30","guid":{"rendered":"https:\/\/sffcases.com\/product\/panneau-avant-magnetique\/"},"modified":"2025-10-05T19:05:19","modified_gmt":"2025-10-05T19:05:19","slug":"panneau-avant-magnetique","status":"publish","type":"product","link":"https:\/\/sffcases.com\/fr\/product\/panneau-avant-magnetique\/","title":{"rendered":"Panneau avant magn\u00e9tique"},"content":{"rendered":"<p><strong data-start=\"123\" data-end=\"160\">Panneau avant magn\u00e9tique pour bo\u00eetiers SFF<\/strong><\/p>\n<p>Personnalisez votre coque, \u00e0 votre fa\u00e7on.<\/p>\n<p>Le panneau avant magn\u00e9tique se fixe solidement et se remplace en quelques secondes \u2014 aucun outil n\u2019est n\u00e9cessaire. Que vous recherchiez un flux d\u2019air maximal, un fonctionnement silencieux ou un nouveau look audacieux, notre design interchangeable vous permet d\u2019adapter votre configuration \u00e0 votre style et \u00e0 vos besoins. <\/p>\n<p>\ud83d\udd27 Installation sans outil<\/p>\n<p>\ud83e\uddf2 Fixation magn\u00e9tique puissante<\/p>\n<p>\ud83c\udfa8 Plusieurs styles disponibles<\/p>\n<p>\u267b\ufe0f Changez de panneau \u00e0 tout moment, sans effort<\/p>\n<p>Faites de votre construction la v\u00f4tre.<\/p>\n","protected":false},"excerpt":{"rendered":"<p>Panneau avant magn\u00e9tique pour bo\u00eetiers SFF Personnalisez votre coque, \u00e0 votre fa\u00e7on. Le panneau avant magn\u00e9tique se fixe solidement et se remplace en quelques secondes \u2014 aucun outil n\u2019est n\u00e9cessaire. Que vous recherchiez un flux d\u2019air maximal, un fonctionnement silencieux ou un nouveau look audacieux, notre design interchangeable vous permet d\u2019adapter votre configuration \u00e0 votre [&hellip;]<\/p>\n","protected":false},"featured_media":375,"comment_status":"open","ping_status":"closed","template":"","meta":[],"product_brand":[],"product_cat":[65],"product_tag":[],"class_list":{"0":"post-397","1":"product","2":"type-product","3":"status-publish","4":"has-post-thumbnail","6":"product_cat-pieces-de-boitier","8":"first","9":"instock","10":"shipping-taxable","11":"purchasable","12":"product-type-variable"},"_links":{"self":[{"href":"https:\/\/sffcases.com\/fr\/wp-json\/wp\/v2\/product\/397","targetHints":{"allow":["GET"]}}],"collection":[{"href":"https:\/\/sffcases.com\/fr\/wp-json\/wp\/v2\/product"}],"about":[{"href":"https:\/\/sffcases.com\/fr\/wp-json\/wp\/v2\/types\/product"}],"replies":[{"embeddable":true,"href":"https:\/\/sffcases.com\/fr\/wp-json\/wp\/v2\/comments?post=397"}],"wp:featuredmedia":[{"embeddable":true,"href":"https:\/\/sffcases.com\/fr\/wp-json\/wp\/v2\/media\/375"}],"wp:attachment":[{"href":"https:\/\/sffcases.com\/fr\/wp-json\/wp\/v2\/media?parent=397"}],"wp:term":[{"taxonomy":"product_brand","embeddable":true,"href":"https:\/\/sffcases.com\/fr\/wp-json\/wp\/v2\/product_brand?post=397"},{"taxonomy":"product_cat","embeddable":true,"href":"https:\/\/sffcases.com\/fr\/wp-json\/wp\/v2\/product_cat?post=397"},{"taxonomy":"product_tag","embeddable":true,"href":"https:\/\/sffcases.com\/fr\/wp-json\/wp\/v2\/product_tag?post=397"}],"curies":[{"name":"wp","href":"https:\/\/api.w.org\/{rel}","templated":true}]}}