{"id":439,"date":"2025-05-24T14:22:41","date_gmt":"2025-05-24T14:22:41","guid":{"rendered":"https:\/\/sffcases.com\/product\/noyau-sff\/"},"modified":"2025-10-05T19:01:59","modified_gmt":"2025-10-05T19:01:59","slug":"noyau-sff","status":"publish","type":"product","link":"https:\/\/sffcases.com\/fr\/product\/noyau-sff\/","title":{"rendered":"Noyau SFF"},"content":{"rendered":"<p><strong data-start=\"123\" data-end=\"160\">SFF Core \u2013 Bo\u00eetier ITX ultra-compact<\/strong><\/p>\n<p><br data-start=\"160\" data-end=\"163\">Le <strong data-start=\"476\" data-end=\"498\">SFF Core <\/strong>est con\u00e7u pour les assembleurs qui souhaitent repousser les limites de la taille sans compromettre les performances. Avec un cadre en aluminium minimaliste, des panneaux avant magn\u00e9tiques interchangeables (y compris des options en bois) et une compatibilit\u00e9 avec les GPU \u00e0 double ou triple emplacement, il offre une puissance impressionnante dans un format ultra-compact. Optimis\u00e9 pour les alimentations SFX et n\u00e9cessitant un c\u00e2ble <strong data-start=\"515\" data-end=\"528\">riser<\/strong> pour GPU, c\u2019est la base id\u00e9ale pour les configurations compactes haut de gamme.  <\/p>\n<p>Notre bo\u00eetier PC est enti\u00e8rement personnalisable. Choisissez la longueur que vous pr\u00e9f\u00e9rez, soit 350 mm soit 410 mm, et s\u00e9lectionnez le bo\u00eetier GPU qui convient le mieux \u00e0 votre configuration, disponible en versions \u00e0 2 ou 3 emplacements.<\/p>\n","protected":false},"excerpt":{"rendered":"<p>SFF Core \u2013 Bo\u00eetier ITX ultra-compact Le SFF Core est con\u00e7u pour les assembleurs qui souhaitent repousser les limites de la taille sans compromettre les performances. Avec un cadre en aluminium minimaliste, des panneaux avant magn\u00e9tiques interchangeables (y compris des options en bois) et une compatibilit\u00e9 avec les GPU \u00e0 double ou triple emplacement, il [&hellip;]<\/p>\n","protected":false},"featured_media":849,"comment_status":"open","ping_status":"closed","template":"","meta":[],"product_brand":[],"product_cat":[45],"product_tag":[],"class_list":{"0":"post-439","1":"product","2":"type-product","3":"status-publish","4":"has-post-thumbnail","6":"product_cat-non-categorise","8":"first","9":"instock","10":"shipping-taxable","11":"purchasable","12":"product-type-variable"},"_links":{"self":[{"href":"https:\/\/sffcases.com\/fr\/wp-json\/wp\/v2\/product\/439","targetHints":{"allow":["GET"]}}],"collection":[{"href":"https:\/\/sffcases.com\/fr\/wp-json\/wp\/v2\/product"}],"about":[{"href":"https:\/\/sffcases.com\/fr\/wp-json\/wp\/v2\/types\/product"}],"replies":[{"embeddable":true,"href":"https:\/\/sffcases.com\/fr\/wp-json\/wp\/v2\/comments?post=439"}],"wp:featuredmedia":[{"embeddable":true,"href":"https:\/\/sffcases.com\/fr\/wp-json\/wp\/v2\/media\/849"}],"wp:attachment":[{"href":"https:\/\/sffcases.com\/fr\/wp-json\/wp\/v2\/media?parent=439"}],"wp:term":[{"taxonomy":"product_brand","embeddable":true,"href":"https:\/\/sffcases.com\/fr\/wp-json\/wp\/v2\/product_brand?post=439"},{"taxonomy":"product_cat","embeddable":true,"href":"https:\/\/sffcases.com\/fr\/wp-json\/wp\/v2\/product_cat?post=439"},{"taxonomy":"product_tag","embeddable":true,"href":"https:\/\/sffcases.com\/fr\/wp-json\/wp\/v2\/product_tag?post=439"}],"curies":[{"name":"wp","href":"https:\/\/api.w.org\/{rel}","templated":true}]}}